{"id":755,"date":"2023-06-11T09:25:35","date_gmt":"2023-06-11T09:25:35","guid":{"rendered":"https:\/\/raudhatulmuhibbin.ac.id\/?page_id=755"},"modified":"2023-06-11T10:33:43","modified_gmt":"2023-06-11T10:33:43","slug":"mahasantri-berbakti","status":"publish","type":"page","link":"https:\/\/raudhatulmuhibbin.ac.id\/web\/mahasantri-berbakti\/","title":{"rendered":"Mahasantri Berbakti"},"content":{"rendered":"<div class=\"wpb-content-wrapper\"><p>[vc_row][vc_column width=&#8221;2\/3&#8243;][vc_custom_heading text=&#8221;Mahasantri Berbakti&#8221;][vc_column_text]<\/p>\n<ul>\n<li><strong>Nama \u00a0\u00a0\u00a0\u00a0\u00a0\u00a0\u00a0\u00a0\u00a0\u00a0\u00a0\u00a0\u00a0\u00a0\u00a0\u00a0\u00a0\u00a0\u00a0\u00a0\u00a0\u00a0\u00a0\u00a0\u00a0\u00a0\u00a0\u00a0\u00a0\u00a0\u00a0\u00a0\u00a0\u00a0\u00a0 : <\/strong>Muhammad Siddiq<\/li>\n<li style=\"text-align: left;\"><strong>Tempat Tanggal Lahir\u00a0\u00a0\u00a0\u00a0\u00a0\u00a0\u00a0\u00a0 : <\/strong>Malang, 16\/10\/1998<\/li>\n<li style=\"text-align: left;\"><strong>NIM\u00a0\u00a0\u00a0\u00a0\u00a0\u00a0\u00a0\u00a0\u00a0\u00a0\u00a0\u00a0\u00a0\u00a0\u00a0\u00a0\u00a0\u00a0\u00a0\u00a0\u00a0\u00a0\u00a0\u00a0\u00a0\u00a0\u00a0\u00a0\u00a0\u00a0\u00a0\u00a0\u00a0\u00a0\u00a0\u00a0\u00a0 \u00a0\u00a0 : <\/strong>2018010016<\/li>\n<li style=\"text-align: left;\"><strong>Tahun Kelulusan\u00a0\u00a0\u00a0\u00a0\u00a0\u00a0\u00a0\u00a0\u00a0\u00a0\u00a0\u00a0\u00a0\u00a0\u00a0\u00a0\u00a0\u00a0 : <\/strong>2023<\/li>\n<li style=\"text-align: left;\"><strong>\u00a0Judul Risalah Akhir \u00a0\u00a0\u00a0\u00a0\u00a0\u00a0\u00a0\u00a0\u00a0\u00a0\u00a0 : <\/strong>\u0633\u0639\u0640\u0627\u062f\u0629 \u0627\u0644\u0635\u0640\u062f\u064a\u0642\u0640\u064a\u0646 \u0644\u0644\u0647 \u0631\u0628 \u0627\u0644\u0639\u0627\u0644\u0645\u064a\u0646 \u0628\u0645\u0646\u0638\u0648\u0645\u0629 \u0643\u064a\u0645\u064a\u0627\u0621 \u0627\u0644\u0633\u0639\u0640\u0627\u062f\u0629 \u0644\u0645\u0624\u0633\u0633 \u0627\u0644\u0637\u0631\u064a\u0642\u0629 \u0627\u0644\u063a\u0632\u0627\u0644\u064a\u0629<\/li>\n<li style=\"text-align: left;\"><strong>Alamat\u00a0\u00a0\u00a0\u00a0\u00a0\u00a0\u00a0\u00a0\u00a0\u00a0\u00a0\u00a0\u00a0\u00a0\u00a0\u00a0\u00a0\u00a0\u00a0\u00a0\u00a0\u00a0\u00a0\u00a0\u00a0\u00a0\u00a0\u00a0\u00a0\u00a0\u00a0\u00a0\u00a0\u00a0\u00a0 : <\/strong>Dsn Kampung Baru RT 019\/004 Desa Sukowilangun, Kecamatan Kalipare Kab Malang, Jawa Timur<\/li>\n<li style=\"text-align: left;\"><strong>Kegiatan Pengabdian\u00a0\u00a0\u00a0\u00a0\u00a0\u00a0\u00a0\u00a0\u00a0\u00a0 : <\/strong>Pengampu Dampar Takhasus Nahwu, Diniyyah Pesantren Rakyat Al-Amin Sumberpucung Malang, Mendirikan Syawir Kamulyan untuk forum mengaji mingguan kepada masyarakat sekitar bersama kader IPNU \u2013 IPPNU di Sumber Pucung, menjadi Penceramah di Balai Desa Senggreng Malang<\/li>\n<li style=\"text-align: left;\"><strong>Kitab yang diajarkan\u00a0\u00a0\u00a0\u00a0\u00a0\u00a0\u00a0\u00a0\u00a0\u00a0 : <\/strong><em>Kimiy\u00e2 al-Sa\u2019adah, Bidayah Hidayah, Marji\u2019 As-Salik,\u00a0 Alfiyyah, Qatr Al-Ghaist, Safinah Naja, Nadzam Imriti<\/em><\/li>\n<\/ul>\n<p>[\/vc_column_text][\/vc_column][vc_column width=&#8221;1\/3&#8243;][vc_empty_space][vc_empty_space][vc_single_image image=&#8221;762&#8243;][vc_images_carousel images=&#8221;766,767,768,769&#8243; speed=&#8221;3000&#8243; autoplay=&#8221;yes&#8221; wrap=&#8221;yes&#8221;][\/vc_column][\/vc_row][vc_row][vc_column width=&#8221;2\/3&#8243;][vc_column_text]<\/p>\n<ul>\n<li><strong>Nama \u00a0\u00a0\u00a0\u00a0\u00a0\u00a0\u00a0\u00a0\u00a0\u00a0\u00a0\u00a0\u00a0\u00a0\u00a0\u00a0\u00a0\u00a0\u00a0\u00a0\u00a0\u00a0\u00a0\u00a0\u00a0\u00a0\u00a0\u00a0\u00a0\u00a0\u00a0\u00a0\u00a0\u00a0\u00a0 : <\/strong>Naim Ghozali<\/li>\n<li><strong>Tempat Tanggal Lahir\u00a0\u00a0\u00a0\u00a0\u00a0\u00a0\u00a0\u00a0 : <\/strong>Malang, 11\/02\/1997<\/li>\n<li><strong>NIM\u00a0\u00a0\u00a0\u00a0\u00a0\u00a0\u00a0\u00a0\u00a0\u00a0\u00a0\u00a0\u00a0\u00a0\u00a0\u00a0\u00a0\u00a0\u00a0\u00a0\u00a0\u00a0\u00a0\u00a0\u00a0\u00a0\u00a0\u00a0\u00a0\u00a0\u00a0\u00a0\u00a0\u00a0\u00a0\u00a0\u00a0\u00a0\u00a0 : <\/strong>2016010017<\/li>\n<li><strong>Tahun Kelulusan\u00a0\u00a0\u00a0\u00a0\u00a0\u00a0\u00a0\u00a0\u00a0\u00a0\u00a0\u00a0\u00a0\u00a0\u00a0\u00a0\u00a0\u00a0 : <\/strong>2022<\/li>\n<li><strong>\u00a0Judul Risalah Akhir \u00a0\u00a0\u00a0\u00a0\u00a0\u00a0\u00a0\u00a0\u00a0\u00a0\u00a0 : <\/strong><em>Hakikat Ulama Waratsatul Anbiy\u00e2\u2019\u00a0 menurut Imam al-Ghaz\u00e2l\u00ee \u00a0dalam kitab Ihya Ulumudd\u00een<\/em><\/li>\n<li><strong>Alamat\u00a0\u00a0\u00a0\u00a0\u00a0\u00a0\u00a0\u00a0\u00a0\u00a0\u00a0\u00a0\u00a0\u00a0\u00a0\u00a0\u00a0\u00a0\u00a0\u00a0\u00a0\u00a0\u00a0\u00a0\u00a0\u00a0\u00a0\u00a0\u00a0\u00a0\u00a0\u00a0\u00a0\u00a0\u00a0 : <\/strong>Jl Raya Gubuklakah, Desa Gubuklakah, Malang, Jawa Timur<\/li>\n<li><strong>Kegiatan Pengabdian\u00a0\u00a0\u00a0\u00a0\u00a0\u00a0\u00a0\u00a0\u00a0\u00a0 : <\/strong>Mengajar di Pondok Pesantren Darussa\u2019adah, Pembimbing Majlis Ta\u2019lim Arrochma Maulana, Pengajar di Masjid Al-Hidayah, mengasuh TPQ Daruss\u2019adah al-Islamiyah<\/li>\n<li><strong>Kitab yang diajarkan\u00a0\u00a0\u00a0\u00a0\u00a0\u00a0\u00a0\u00a0\u00a0\u00a0 : <\/strong><em>Asnaful Maghrurin, Bidayah Hidayah, Kitabul Arbain fi Ushuluddin<\/em><\/li>\n<\/ul>\n<p>[\/vc_column_text][\/vc_column][vc_column width=&#8221;1\/3&#8243;][vc_single_image image=&#8221;774&#8243;][vc_images_carousel images=&#8221;775,776,777,778&#8243; speed=&#8221;3000&#8243; autoplay=&#8221;yes&#8221; wrap=&#8221;yes&#8221;][\/vc_column][\/vc_row][vc_row][vc_column width=&#8221;2\/3&#8243;][vc_column_text]<\/p>\n<ul>\n<li><strong>Nama\u00a0\u00a0\u00a0\u00a0\u00a0\u00a0\u00a0\u00a0\u00a0\u00a0\u00a0\u00a0\u00a0\u00a0\u00a0\u00a0\u00a0\u00a0\u00a0\u00a0\u00a0\u00a0\u00a0\u00a0\u00a0\u00a0\u00a0\u00a0\u00a0\u00a0\u00a0 \u00a0 \u00a0 : <\/strong> Faiz Ridlo Maulana<\/li>\n<li><strong>Tempat Tanggal Lahir\u00a0\u00a0\u00a0\u00a0\u00a0 : <\/strong>Sidoarjo, 23\/12\/1998<\/li>\n<li><strong>NIM\u00a0\u00a0\u00a0\u00a0\u00a0\u00a0\u00a0\u00a0\u00a0\u00a0\u00a0\u00a0\u00a0\u00a0\u00a0\u00a0\u00a0\u00a0\u00a0\u00a0\u00a0\u00a0\u00a0\u00a0\u00a0\u00a0\u00a0\u00a0\u00a0\u00a0\u00a0\u00a0\u00a0\u00a0\u00a0\u00a0\u00a0\u00a0\u00a0 : <\/strong>2018010019<\/li>\n<li><strong>Tahun Kelulusan\u00a0\u00a0\u00a0\u00a0\u00a0\u00a0\u00a0\u00a0\u00a0\u00a0\u00a0\u00a0 \u00a0\u00a0 : <\/strong>2023<\/li>\n<li><strong>\u00a0Judul Risalah Akhir \u00a0\u00a0\u00a0\u00a0\u00a0\u00a0\u00a0 \u00a0 : <\/strong>\u0627\u0644\u0625\u0633\u062a\u0638\u0644\u0627\u0644 \u0641\u064a \u064a\u0648\u0645 \u0627\u0644\u062d\u0634\u0631 \u0628\u0645\u0646\u0638\u0648\u0645\u0629 \u0627\u0644\u0642\u0648\u0627\u0639\u062f \u0627\u0644\u0639\u0634\u0631<\/li>\n<li><strong>Alamat\u00a0\u00a0\u00a0\u00a0\u00a0\u00a0\u00a0\u00a0\u00a0\u00a0\u00a0\u00a0\u00a0\u00a0\u00a0\u00a0\u00a0\u00a0\u00a0\u00a0\u00a0\u00a0\u00a0\u00a0\u00a0\u00a0\u00a0\u00a0\u00a0\u00a0\u00a0\u00a0\u00a0\u00a0 : <\/strong>Jl Dukuh Tengah Rt 03\/02 Buduran Sidoarjo<\/li>\n<li><strong>Kegiatan Pengabdian\u00a0\u00a0\u00a0\u00a0\u00a0\u00a0\u00a0\u00a0 : <\/strong>Mengajar di PP Madrasah Al-Ikhlas Wadungasih Buduran dan mengisi pengajian ta\u2019lim di desa Buduran<\/li>\n<li><strong>Kitab yang diajarkan\u00a0\u00a0\u00a0\u00a0\u00a0\u00a0\u00a0\u00a0\u00a0 : <\/strong>Qaw\u00e2id al-Asyr, Ayyuhal Walad, Kimia Sa\u2019adah, Nahwu\u00a0 Sharf, Ilmu Balaghah<\/li>\n<\/ul>\n<p>[\/vc_column_text][\/vc_column][vc_column width=&#8221;1\/3&#8243;][vc_single_image image=&#8221;785&#8243;][vc_images_carousel images=&#8221;786,787&#8243; speed=&#8221;3000&#8243; autoplay=&#8221;yes&#8221; wrap=&#8221;yes&#8221;][\/vc_column][\/vc_row][vc_row][vc_column width=&#8221;2\/3&#8243;][vc_column_text]<\/p>\n<ul>\n<li><strong>Nama : <\/strong>Shokhibul Liwa\u2019Adnan<\/li>\n<li><strong>Tempat Tanggal Lahir\u00a0\u00a0\u00a0\u00a0\u00a0 : <\/strong>Sidoarjo, 16\/08\/1997<\/li>\n<li><strong>NIM\u00a0\u00a0\u00a0\u00a0\u00a0\u00a0\u00a0\u00a0\u00a0\u00a0\u00a0\u00a0\u00a0\u00a0\u00a0\u00a0\u00a0\u00a0\u00a0\u00a0\u00a0\u00a0\u00a0\u00a0\u00a0\u00a0\u00a0\u00a0\u00a0\u00a0\u00a0\u00a0\u00a0\u00a0\u00a0\u00a0\u00a0\u00a0\u00a0 : <\/strong>2016010025<\/li>\n<li><strong>\u00a0Tahun Kelulusan\u00a0\u00a0\u00a0\u00a0\u00a0\u00a0\u00a0\u00a0\u00a0\u00a0\u00a0\u00a0\u00a0\u00a0 : <\/strong>2022<\/li>\n<li><strong>\u00a0 Judul Risalah Akhir \u00a0\u00a0\u00a0\u00a0\u00a0\u00a0\u00a0\u00a0\u00a0 : <\/strong><em>Metode Pendidikan Sabar dan Syukur <\/em><strong>\u00a0<\/strong><em>Menurut Imam al-Ghaz\u00e2l\u00ee<\/em><\/li>\n<li><strong>\u00a0Alamat\u00a0\u00a0\u00a0\u00a0\u00a0\u00a0\u00a0\u00a0\u00a0\u00a0\u00a0\u00a0\u00a0\u00a0\u00a0\u00a0\u00a0\u00a0\u00a0\u00a0\u00a0\u00a0\u00a0\u00a0\u00a0\u00a0\u00a0\u00a0\u00a0\u00a0\u00a0\u00a0\u00a0\u00a0\u00a0 : <\/strong>Jl Dasuki Lebo, Sidoarjo<\/li>\n<li><strong>Kegiatan Pengabdian\u00a0\u00a0\u00a0\u00a0\u00a0\u00a0\u00a0\u00a0\u00a0 : <\/strong>Mengajar di PP Al-Hidayah Sidoarjo, Tim Media Online Al- Hidayah<\/li>\n<li><strong>Kitab yang diajarkan\u00a0\u00a0\u00a0\u00a0\u00a0\u00a0\u00a0\u00a0\u00a0\u00a0 : <\/strong><em>Majmuah Rasail al-Ghazali, Ayyuhal Walad, Kimiya al-\u00a0\u00a0\u00a0\u00a0\u00a0 Sa\u2019adah, Bidayah Hidayah<\/em><\/li>\n<\/ul>\n<p>[\/vc_column_text][\/vc_column][vc_column width=&#8221;1\/3&#8243;][vc_single_image image=&#8221;791&#8243;][vc_images_carousel images=&#8221;792,793,794&#8243; speed=&#8221;3000&#8243; autoplay=&#8221;yes&#8221; wrap=&#8221;yes&#8221;][\/vc_column][\/vc_row][vc_row][vc_column width=&#8221;2\/3&#8243;][vc_column_text]<\/p>\n<ul>\n<li><strong>Nama\u00a0\u00a0\u00a0\u00a0\u00a0\u00a0\u00a0\u00a0\u00a0\u00a0\u00a0\u00a0\u00a0\u00a0\u00a0\u00a0\u00a0\u00a0\u00a0\u00a0\u00a0\u00a0\u00a0\u00a0\u00a0\u00a0\u00a0\u00a0\u00a0\u00a0\u00a0\u00a0\u00a0\u00a0\u00a0\u00a0 : <\/strong>Supyan<\/li>\n<li><strong>Tempat Tanggal Lahir\u00a0\u00a0\u00a0\u00a0\u00a0\u00a0 : <\/strong>Indramayu, 29\/03\/1996<\/li>\n<li><strong>NIM\u00a0\u00a0\u00a0\u00a0\u00a0\u00a0\u00a0\u00a0\u00a0\u00a0\u00a0\u00a0\u00a0\u00a0\u00a0\u00a0\u00a0\u00a0\u00a0\u00a0\u00a0\u00a0\u00a0\u00a0\u00a0\u00a0\u00a0\u00a0\u00a0\u00a0\u00a0\u00a0\u00a0\u00a0\u00a0\u00a0\u00a0\u00a0\u00a0 : <\/strong>2016010025<\/li>\n<li><strong>Tahun Kelulusan\u00a0\u00a0\u00a0\u00a0\u00a0\u00a0\u00a0\u00a0\u00a0\u00a0\u00a0\u00a0\u00a0\u00a0\u00a0 : <\/strong>2022<\/li>\n<li><strong>\u00a0Judul Risalah Akhir \u00a0\u00a0\u00a0\u00a0\u00a0\u00a0\u00a0\u00a0\u00a0 : <\/strong><em>Studi Pemikiran Abdul Q\u00e2dir al-Jail\u00e2n\u00ee dan <\/em><em>Ibn A<u>t<\/u>\u00e2illah al-Sakandar\u00ee Tentang Konsep Taubat<\/em><\/li>\n<li><strong>\u00a0Alamat\u00a0\u00a0\u00a0\u00a0\u00a0\u00a0\u00a0\u00a0\u00a0\u00a0\u00a0\u00a0\u00a0\u00a0\u00a0\u00a0\u00a0\u00a0\u00a0\u00a0\u00a0\u00a0\u00a0\u00a0\u00a0\u00a0\u00a0\u00a0\u00a0\u00a0\u00a0\u00a0\u00a0 : <\/strong>Jl Dasuki Lebo, Sidoarjo<\/li>\n<li><strong>\u00a0Kegiatan Pengabdian\u00a0\u00a0\u00a0\u00a0\u00a0\u00a0 : <\/strong>Mengajar di Majlis Wa Ta\u2019lim al-Hikmah Cemeti, Kedokan Bunder Indramayu<\/li>\n<li><strong>Kitab yang diajarkan\u00a0\u00a0\u00a0\u00a0\u00a0\u00a0\u00a0\u00a0 : <\/strong><em>Majmuah Rasail al-Ghazali, al-Ghunyah, Kimiya al-\u00a0\u00a0\u00a0\u00a0\u00a0 Sa\u2019adah, Al-Munqidz Min al-Dhalal<\/em><\/li>\n<\/ul>\n<p>[\/vc_column_text][\/vc_column][vc_column width=&#8221;1\/3&#8243;][vc_single_image image=&#8221;796&#8243;][vc_images_carousel images=&#8221;797&#8243; speed=&#8221;3000&#8243; autoplay=&#8221;yes&#8221;][\/vc_column][\/vc_row][vc_row][vc_column width=&#8221;2\/3&#8243;][vc_column_text]<\/p>\n<ul>\n<li><strong>Nama \u00a0 \u00a0 \u00a0 \u00a0 \u00a0 \u00a0 \u00a0 \u00a0 \u00a0 \u00a0 \u00a0 \u00a0 \u00a0 \u00a0 \u00a0 \u00a0 \u00a0 \u00a0\u00a0 : <\/strong>Munirul Ikhwan<\/li>\n<li><strong>Tempat Tanggal Lahir\u00a0\u00a0\u00a0\u00a0\u00a0\u00a0\u00a0\u00a0 : <\/strong>Indramayu, 10\/02\/1998<\/li>\n<li><strong>NIM\u00a0\u00a0\u00a0\u00a0\u00a0\u00a0\u00a0\u00a0\u00a0\u00a0\u00a0\u00a0\u00a0\u00a0\u00a0\u00a0\u00a0\u00a0\u00a0\u00a0\u00a0\u00a0\u00a0\u00a0\u00a0\u00a0\u00a0\u00a0\u00a0\u00a0\u00a0\u00a0\u00a0\u00a0\u00a0\u00a0 \u00a0 \u00a0 : <\/strong>2016010016<\/li>\n<li><strong>Tahun Kelulusan\u00a0\u00a0\u00a0\u00a0\u00a0\u00a0\u00a0\u00a0\u00a0\u00a0\u00a0\u00a0\u00a0\u00a0\u00a0\u00a0\u00a0\u00a0 : <\/strong>2022<\/li>\n<li><strong>Judul Risalah Akhir \u00a0\u00a0\u00a0\u00a0\u00a0\u00a0\u00a0\u00a0\u00a0\u00a0\u00a0 : <\/strong><em>Konsep Jihad an-Nafs Menurut Imam <\/em><em>\u00a0Al-Ghazali Dalam Pendidikan Karakter Sufistik<\/em><\/li>\n<li><strong>Alamat\u00a0\u00a0\u00a0\u00a0\u00a0\u00a0\u00a0\u00a0\u00a0\u00a0\u00a0\u00a0\u00a0\u00a0\u00a0\u00a0\u00a0\u00a0\u00a0\u00a0\u00a0\u00a0\u00a0\u00a0\u00a0\u00a0\u00a0\u00a0\u00a0\u00a0\u00a0\u00a0\u00a0\u00a0\u00a0 : <\/strong>Jl Tigaraksa Tangerang, Banten<\/li>\n<li><strong>Kegiatan Pengabdian\u00a0\u00a0\u00a0\u00a0\u00a0\u00a0\u00a0\u00a0\u00a0\u00a0 : <\/strong>Mengajar di SMP IT Ponpes Nur Antika<\/li>\n<li><strong>Kitab yang diajarkan\u00a0\u00a0\u00a0\u00a0\u00a0\u00a0\u00a0\u00a0\u00a0\u00a0 : <\/strong><em>Jurumiyah, Fiqh Fathul Qarib, Ayyuhal Walad<\/em><\/li>\n<\/ul>\n<p>[\/vc_column_text][\/vc_column][vc_column width=&#8221;1\/3&#8243;][vc_images_carousel images=&#8221;802,803,804&#8243; speed=&#8221;3000&#8243; autoplay=&#8221;yes&#8221; wrap=&#8221;yes&#8221;][\/vc_column][\/vc_row][vc_row][vc_column width=&#8221;2\/3&#8243;][vc_column_text]<\/p>\n<ul>\n<li><strong>Nama\u00a0\u00a0\u00a0\u00a0\u00a0\u00a0\u00a0\u00a0\u00a0\u00a0\u00a0\u00a0\u00a0\u00a0\u00a0\u00a0\u00a0\u00a0\u00a0\u00a0\u00a0\u00a0\u00a0\u00a0\u00a0\u00a0\u00a0\u00a0\u00a0\u00a0\u00a0\u00a0\u00a0\u00a0\u00a0 : <\/strong>Abdul Rochman<\/li>\n<li><strong>Tempat Tanggal Lahir\u00a0\u00a0\u00a0\u00a0\u00a0\u00a0 : <\/strong>Sidoarjo, 20\/05\/1998<\/li>\n<li><strong>NIM\u00a0\u00a0\u00a0\u00a0\u00a0\u00a0\u00a0\u00a0\u00a0\u00a0\u00a0\u00a0\u00a0\u00a0\u00a0\u00a0\u00a0\u00a0\u00a0\u00a0\u00a0\u00a0\u00a0\u00a0\u00a0\u00a0\u00a0\u00a0\u00a0\u00a0\u00a0\u00a0\u00a0\u00a0\u00a0\u00a0\u00a0\u00a0\u00a0 : <\/strong>2017010002<\/li>\n<li><strong>Tahun Kelulusan\u00a0\u00a0\u00a0\u00a0\u00a0\u00a0\u00a0\u00a0\u00a0\u00a0\u00a0\u00a0\u00a0\u00a0\u00a0\u00a0 : <\/strong>2023<\/li>\n<li><strong>\u00a0Judul Risalah Akhir \u00a0\u00a0\u00a0\u00a0\u00a0\u00a0\u00a0\u00a0\u00a0\u00a0 : <\/strong><em>Nilai-Nilai Sufistik Yang Terkandung Di Dalam Ibadah Puasa Perspektif Im\u00e2m al-Ghaz\u00e2l\u00ee Di Dalam Kitab I<u>h<\/u>y\u00e2\u00a0 Ul\u00fbm al-D\u00een<\/em><\/li>\n<li><strong>Alamat\u00a0\u00a0\u00a0\u00a0\u00a0\u00a0\u00a0\u00a0\u00a0\u00a0\u00a0\u00a0\u00a0\u00a0\u00a0\u00a0\u00a0\u00a0\u00a0\u00a0\u00a0\u00a0\u00a0\u00a0\u00a0\u00a0\u00a0\u00a0\u00a0\u00a0\u00a0\u00a0\u00a0\u00a0\u00a0 : <\/strong>Jl Diponegoro No 100 Kunjang Kidul Ds Kunjang Kab\u00a0 Kediri Jawa Timur<\/li>\n<li><strong>Kegiatan Pengabdian\u00a0\u00a0\u00a0\u00a0\u00a0\u00a0\u00a0\u00a0\u00a0\u00a0 : <\/strong>Mengajar di Pondok Pesantren Riyadhu Shalihin, RA Istiqamah dan MI Nurul Jadid<\/li>\n<li><strong>Kitab yang diajarkan\u00a0\u00a0\u00a0\u00a0\u00a0\u00a0\u00a0\u00a0\u00a0\u00a0 : <\/strong>Riyadhu Shalihin, Mabadi\u2019 Fiqh, Aqidatul Awam,\u00a0 Bidayatul Hidayah<\/li>\n<\/ul>\n<p>[\/vc_column_text][\/vc_column][vc_column width=&#8221;1\/3&#8243;][vc_single_image image=&#8221;807&#8243;][vc_images_carousel images=&#8221;808,809&#8243; speed=&#8221;3000&#8243; autoplay=&#8221;yes&#8221; wrap=&#8221;yes&#8221;][\/vc_column][\/vc_row][vc_row][vc_column width=&#8221;2\/3&#8243;][vc_column_text]<\/p>\n<ul>\n<li><strong>Nama \u00a0\u00a0\u00a0\u00a0\u00a0\u00a0\u00a0\u00a0\u00a0\u00a0\u00a0\u00a0\u00a0\u00a0\u00a0\u00a0\u00a0\u00a0\u00a0\u00a0\u00a0\u00a0\u00a0\u00a0\u00a0\u00a0\u00a0\u00a0\u00a0\u00a0\u00a0\u00a0\u00a0\u00a0\u00a0 : <\/strong>Ahmad Al-Hallaji<\/li>\n<li><strong>Tempat Tanggal Lahir\u00a0\u00a0\u00a0\u00a0\u00a0\u00a0\u00a0\u00a0 : <\/strong>Blitar, 25\/08\/1997<\/li>\n<li><strong>NIM\u00a0\u00a0\u00a0\u00a0\u00a0\u00a0\u00a0\u00a0\u00a0\u00a0\u00a0\u00a0\u00a0\u00a0\u00a0\u00a0\u00a0\u00a0\u00a0\u00a0\u00a0\u00a0\u00a0\u00a0\u00a0\u00a0\u00a0\u00a0\u00a0\u00a0\u00a0\u00a0\u00a0\u00a0\u00a0\u00a0\u00a0\u00a0\u00a0 : <\/strong>2017010001<\/li>\n<li><strong>Tahun Kelulusan\u00a0\u00a0\u00a0\u00a0\u00a0\u00a0\u00a0\u00a0\u00a0\u00a0\u00a0\u00a0\u00a0\u00a0\u00a0\u00a0\u00a0\u00a0 : <\/strong>2023<\/li>\n<li><strong>Judul Risalah Akhir \u00a0\u00a0\u00a0\u00a0\u00a0\u00a0\u00a0\u00a0\u00a0\u00a0\u00a0 : <\/strong><em>Implementasi Kit\u00e2b K\u00eem\u00eey\u00e2 al-Sa\u2019\u00e2dah Im\u00e2m al-Ghaz\u00e2l\u00ee Sebagai Konsep Terapi Kesehatan Mental Akibat Pandemi <\/em><\/li>\n<li><strong>Alamat\u00a0\u00a0\u00a0\u00a0\u00a0\u00a0\u00a0\u00a0\u00a0\u00a0\u00a0\u00a0\u00a0\u00a0\u00a0\u00a0\u00a0\u00a0\u00a0\u00a0\u00a0\u00a0\u00a0\u00a0\u00a0\u00a0\u00a0\u00a0\u00a0\u00a0\u00a0\u00a0\u00a0\u00a0\u00a0 : <\/strong>Junwangi Krian, Sidoarjo, Jawa Timur<\/li>\n<li><strong>Kegiatan Pengabdian\u00a0\u00a0\u00a0\u00a0\u00a0\u00a0\u00a0\u00a0\u00a0\u00a0 : <\/strong>Mengajar di kepengasuhan Pondok Bilinguan Al-Amanah Junwangi 1<\/li>\n<li><strong>Kitab yang diajarkan\u00a0\u00a0\u00a0\u00a0\u00a0\u00a0\u00a0\u00a0\u00a0\u00a0 : <\/strong>Sabil al-Iradah bi syarh Kimia al-Sa\u2019adah, Risalah Mu\u2019awanah, Fathul Muin<\/li>\n<\/ul>\n<p>[\/vc_column_text][\/vc_column][vc_column width=&#8221;1\/3&#8243;][vc_single_image image=&#8221;812&#8243;][vc_images_carousel images=&#8221;813&#8243; speed=&#8221;3000&#8243; autoplay=&#8221;yes&#8221;][\/vc_column][\/vc_row][vc_row][vc_column width=&#8221;2\/3&#8243;][vc_column_text]<\/p>\n<ul>\n<li><strong>Nama\u00a0\u00a0\u00a0\u00a0\u00a0\u00a0\u00a0 \u00a0\u00a0\u00a0\u00a0\u00a0\u00a0\u00a0\u00a0\u00a0\u00a0\u00a0\u00a0\u00a0\u00a0\u00a0\u00a0\u00a0\u00a0\u00a0\u00a0\u00a0\u00a0\u00a0\u00a0\u00a0\u00a0\u00a0\u00a0\u00a0\u00a0\u00a0 : <\/strong>Ahmad Fiqri Muhibuloh<\/li>\n<li><strong>Tempat Tanggal Lahir\u00a0\u00a0\u00a0\u00a0\u00a0\u00a0\u00a0\u00a0 : <\/strong>Malang, 15\/6\/1995<\/li>\n<li><strong>NIM\u00a0\u00a0\u00a0\u00a0\u00a0\u00a0\u00a0\u00a0\u00a0\u00a0\u00a0\u00a0\u00a0\u00a0\u00a0\u00a0\u00a0\u00a0\u00a0\u00a0\u00a0\u00a0\u00a0\u00a0\u00a0\u00a0\u00a0\u00a0\u00a0\u00a0\u00a0\u00a0\u00a0\u00a0\u00a0\u00a0\u00a0\u00a0\u00a0\u00a0 : <\/strong>2018010001<\/li>\n<li><strong>Tahun Kelulusan\u00a0\u00a0\u00a0\u00a0\u00a0\u00a0\u00a0\u00a0\u00a0\u00a0\u00a0\u00a0\u00a0\u00a0\u00a0\u00a0\u00a0\u00a0 : <\/strong>2023<\/li>\n<li><strong>\u00a0Judul Risalah Akhir \u00a0\u00a0\u00a0\u00a0\u00a0\u00a0\u00a0\u00a0\u00a0\u00a0\u00a0 : <\/strong><em>Relasi \u2018Uzlah dan Tafakur Ibn At\u00e2illah al-Sakandar\u00ee Perspektif Said Ramadan al-Buti dan Relevansinya dengan Tasawuf Kontemporer<\/em><\/li>\n<li><strong>Alamat\u00a0\u00a0\u00a0\u00a0\u00a0\u00a0\u00a0\u00a0\u00a0\u00a0\u00a0\u00a0\u00a0\u00a0\u00a0\u00a0\u00a0\u00a0\u00a0\u00a0\u00a0\u00a0\u00a0\u00a0\u00a0\u00a0\u00a0\u00a0\u00a0\u00a0\u00a0\u00a0\u00a0\u00a0\u00a0 : <\/strong>Dukuh Babaan Rt 3 Rw 2 Malang<\/li>\n<li><strong>Kegiatan Pengabdian\u00a0\u00a0\u00a0\u00a0\u00a0\u00a0\u00a0\u00a0\u00a0\u00a0 : <\/strong>Mengajar di TPQ Darussalam Malang dan Muballigh<\/li>\n<li><strong>Kitab yang diajarkan\u00a0\u00a0\u00a0\u00a0\u00a0\u00a0\u00a0\u00a0\u00a0\u00a0 : <\/strong><em>Ayyuhal Walad, Ulumul Quran, Ta\u2019lim Muta\u2019allim<\/em><\/li>\n<\/ul>\n<p>[\/vc_column_text][\/vc_column][vc_column width=&#8221;1\/3&#8243;][vc_single_image image=&#8221;815&#8243;][vc_images_carousel images=&#8221;816&#8243; speed=&#8221;3000&#8243; autoplay=&#8221;yes&#8221;][\/vc_column][\/vc_row][vc_row][vc_column width=&#8221;2\/3&#8243;][vc_column_text]<\/p>\n<ul>\n<li><strong>Nama\u00a0 \u00a0\u00a0\u00a0\u00a0\u00a0\u00a0\u00a0\u00a0\u00a0\u00a0\u00a0\u00a0\u00a0\u00a0\u00a0\u00a0\u00a0\u00a0\u00a0\u00a0\u00a0\u00a0\u00a0\u00a0\u00a0\u00a0\u00a0\u00a0\u00a0\u00a0\u00a0\u00a0\u00a0\u00a0\u00a0 : <\/strong>Nur Kholis<\/li>\n<li><strong>Tempat Tanggal Lahir\u00a0\u00a0\u00a0\u00a0\u00a0\u00a0\u00a0 : <\/strong>Pemalang, 07\/09\/1991<\/li>\n<li><strong>NIM\u00a0\u00a0\u00a0\u00a0\u00a0\u00a0\u00a0\u00a0\u00a0\u00a0\u00a0\u00a0\u00a0\u00a0\u00a0\u00a0\u00a0\u00a0\u00a0\u00a0\u00a0\u00a0\u00a0\u00a0\u00a0\u00a0\u00a0\u00a0\u00a0\u00a0\u00a0\u00a0\u00a0\u00a0\u00a0\u00a0\u00a0\u00a0 \u00a0 : <\/strong>2018010001<\/li>\n<li><strong>Tahun Kelulusan\u00a0\u00a0\u00a0\u00a0\u00a0\u00a0\u00a0\u00a0\u00a0\u00a0\u00a0\u00a0\u00a0\u00a0\u00a0\u00a0\u00a0 : <\/strong>2022<\/li>\n<li><strong>Judul Risalah Akhir \u00a0\u00a0\u00a0\u00a0\u00a0\u00a0\u00a0\u00a0\u00a0\u00a0\u00a0 : <\/strong><em>Tinjauan Sufistik Rida Dalam Membangun Optimisme<\/em><\/li>\n<li><strong>Alamat\u00a0\u00a0\u00a0\u00a0\u00a0\u00a0\u00a0\u00a0\u00a0\u00a0\u00a0 \u00a0\u00a0\u00a0\u00a0\u00a0\u00a0\u00a0\u00a0\u00a0\u00a0\u00a0 \u00a0\u00a0\u00a0\u00a0\u00a0\u00a0\u00a0\u00a0\u00a0\u00a0\u00a0 : <\/strong>Desa Kendaldoyong RT 02\/RW01 Kec. Petarukan, Kab. Pemalang<\/li>\n<li><strong>Kegiatan Pengabdian\u00a0\u00a0\u00a0\u00a0\u00a0\u00a0\u00a0\u00a0\u00a0 : <\/strong>Mengajar di Majlis Al-Muhibbin Pemalang, Jam;iyyah Ummahat Nurul Hidayah<\/li>\n<li><strong>Kitab yang diajarkan\u00a0\u00a0\u00a0\u00a0\u00a0\u00a0\u00a0\u00a0\u00a0\u00a0 : <\/strong><em>Bidayatul Hidayah, Nashaihul Ibad, Safinatun Najah<\/em><\/li>\n<\/ul>\n<p>[\/vc_column_text][\/vc_column][vc_column width=&#8221;1\/3&#8243;][vc_single_image image=&#8221;818&#8243;][vc_images_carousel images=&#8221;819,820,821&#8243; speed=&#8221;3000&#8243; autoplay=&#8221;yes&#8221; wrap=&#8221;yes&#8221;][\/vc_column][\/vc_row][vc_row][vc_column width=&#8221;2\/3&#8243;][vc_column_text]<\/p>\n<ul>\n<li><strong>Nama\u00a0 \u00a0\u00a0\u00a0\u00a0\u00a0\u00a0\u00a0\u00a0\u00a0\u00a0\u00a0\u00a0\u00a0\u00a0\u00a0\u00a0\u00a0\u00a0\u00a0\u00a0\u00a0\u00a0\u00a0\u00a0\u00a0\u00a0\u00a0\u00a0\u00a0\u00a0\u00a0\u00a0\u00a0\u00a0\u00a0 : <\/strong>Eggy Fachrezha Mustofa<\/li>\n<li><strong>Tempat Tanggal Lahir\u00a0\u00a0\u00a0\u00a0\u00a0\u00a0\u00a0\u00a0 : <\/strong>Surabaya, 22\/08\/1995<\/li>\n<li><strong>NIM\u00a0\u00a0\u00a0\u00a0\u00a0\u00a0\u00a0\u00a0\u00a0\u00a0\u00a0\u00a0\u00a0\u00a0\u00a0\u00a0\u00a0\u00a0\u00a0\u00a0\u00a0\u00a0\u00a0\u00a0\u00a0\u00a0\u00a0\u00a0\u00a0\u00a0\u00a0\u00a0\u00a0\u00a0\u00a0\u00a0\u00a0\u00a0\u00a0 : <\/strong>2018010001<\/li>\n<li><strong>Tahun Kelulusan\u00a0\u00a0\u00a0\u00a0\u00a0\u00a0\u00a0\u00a0\u00a0\u00a0\u00a0\u00a0\u00a0\u00a0\u00a0\u00a0\u00a0\u00a0 : <\/strong>2022<\/li>\n<li><strong>Judul Risalah Akhir \u00a0\u00a0\u00a0\u00a0\u00a0\u00a0\u00a0\u00a0\u00a0\u00a0\u00a0 : <\/strong><strong>\u0646\u0647\u0627\u064a\u0629 \u0633\u064a\u0631 \u0627\u0644\u0639\u0644\u0645\u0627\u0621 \u0644\u062e\u062f\u0645\u0629 \u0627\u0644\u0633\u0644\u0648\u0643 \u0627\u0644\u0635\u0648\u0641\u064a\u0629<\/strong> <strong>\u062f\u0631\u0627\u0633\u0629 \u062a\u062d\u0644\u064a\u0644\u064a\u0629 \u0627\u0644\u0625\u0645\u0627\u0645 \u0627\u0644\u063a\u0632\u0627\u0644\u064a \u0648\u0627\u0644\u0625\u0645\u0627\u0645 \u0627\u0628\u0646 \u0639\u0637\u0627\u0621 \u0627\u0644\u0644\u0647 \u0627\u0644\u0633\u0643\u0646\u062f\u0631\u064a <\/strong><\/li>\n<li><strong>Alamat\u00a0\u00a0\u00a0\u00a0\u00a0\u00a0\u00a0\u00a0\u00a0\u00a0\u00a0 \u00a0\u00a0\u00a0\u00a0\u00a0\u00a0\u00a0\u00a0\u00a0\u00a0\u00a0 \u00a0\u00a0\u00a0\u00a0\u00a0\u00a0\u00a0\u00a0\u00a0\u00a0\u00a0 : <\/strong>Desa Kupang Krajan 5B No 7 Surabaya<strong>Kegiatan Pengabdian\u00a0\u00a0\u00a0\u00a0\u00a0\u00a0\u00a0\u00a0\u00a0\u00a0 : <\/strong>Mengajar di PP Darussa\u2019adah al-Islami Malang<\/li>\n<li><strong>Kitab yang diajarkan\u00a0\u00a0\u00a0\u00a0\u00a0\u00a0\u00a0\u00a0\u00a0\u00a0 : <\/strong><em>Bidayatul Hidayah, Mustalahal Hadis, Risalah Muawanah, Kimiya al-Sa\u2019adah<\/em><\/li>\n<\/ul>\n<p>[\/vc_column_text][\/vc_column][vc_column width=&#8221;1\/3&#8243;][vc_single_image image=&#8221;826&#8243;][vc_images_carousel images=&#8221;825,824&#8243; speed=&#8221;3000&#8243; autoplay=&#8221;yes&#8221; wrap=&#8221;yes&#8221;][\/vc_column][\/vc_row]<\/p>\n<\/div>","protected":false},"excerpt":{"rendered":"<p>[vc_row][vc_column width=&#8221;2\/3&#8243;][vc_custom_heading text=&#8221;Mahasantri Berbakti&#8221;][vc_column_text] Nama \u00a0\u00a0\u00a0\u00a0\u00a0\u00a0\u00a0\u00a0\u00a0\u00a0\u00a0\u00a0\u00a0\u00a0\u00a0\u00a0\u00a0\u00a0\u00a0\u00a0\u00a0\u00a0\u00a0\u00a0\u00a0\u00a0\u00a0\u00a0\u00a0\u00a0\u00a0\u00a0\u00a0\u00a0\u00a0 : Muhammad Siddiq Tempat Tanggal Lahir\u00a0\u00a0\u00a0\u00a0\u00a0\u00a0\u00a0\u00a0 : Malang, 16\/10\/1998 NIM\u00a0\u00a0\u00a0\u00a0\u00a0\u00a0\u00a0\u00a0\u00a0\u00a0\u00a0\u00a0\u00a0\u00a0\u00a0\u00a0\u00a0\u00a0\u00a0\u00a0\u00a0\u00a0\u00a0\u00a0\u00a0\u00a0\u00a0\u00a0\u00a0\u00a0\u00a0\u00a0\u00a0\u00a0\u00a0\u00a0\u00a0 \u00a0\u00a0 : 2018010016 Tahun Kelulusan\u00a0\u00a0\u00a0\u00a0\u00a0\u00a0\u00a0\u00a0\u00a0\u00a0\u00a0\u00a0\u00a0\u00a0\u00a0\u00a0\u00a0\u00a0 : 2023 \u00a0Judul Risalah Akhir \u00a0\u00a0\u00a0\u00a0\u00a0\u00a0\u00a0\u00a0\u00a0\u00a0\u00a0 : \u0633\u0639\u0640\u0627\u062f\u0629 \u0627\u0644\u0635\u0640\u062f\u064a\u0642\u0640\u064a\u0646 [&hellip;]<\/p>\n","protected":false},"author":1,"featured_media":0,"parent":0,"menu_order":0,"comment_status":"closed","ping_status":"closed","template":"page-templates\/template-fullwidth.php","meta":{"footnotes":""},"class_list":["post-755","page","type-page","status-publish","hentry"],"_links":{"self":[{"href":"https:\/\/raudhatulmuhibbin.ac.id\/web\/wp-json\/wp\/v2\/pages\/755","targetHints":{"allow":["GET"]}}],"collection":[{"href":"https:\/\/raudhatulmuhibbin.ac.id\/web\/wp-json\/wp\/v2\/pages"}],"about":[{"href":"https:\/\/raudhatulmuhibbin.ac.id\/web\/wp-json\/wp\/v2\/types\/page"}],"author":[{"embeddable":true,"href":"https:\/\/raudhatulmuhibbin.ac.id\/web\/wp-json\/wp\/v2\/users\/1"}],"replies":[{"embeddable":true,"href":"https:\/\/raudhatulmuhibbin.ac.id\/web\/wp-json\/wp\/v2\/comments?post=755"}],"version-history":[{"count":21,"href":"https:\/\/raudhatulmuhibbin.ac.id\/web\/wp-json\/wp\/v2\/pages\/755\/revisions"}],"predecessor-version":[{"id":827,"href":"https:\/\/raudhatulmuhibbin.ac.id\/web\/wp-json\/wp\/v2\/pages\/755\/revisions\/827"}],"wp:attachment":[{"href":"https:\/\/raudhatulmuhibbin.ac.id\/web\/wp-json\/wp\/v2\/media?parent=755"}],"curies":[{"name":"wp","href":"https:\/\/api.w.org\/{rel}","templated":true}]}}