{"id":712,"date":"2023-06-11T08:18:43","date_gmt":"2023-06-11T08:18:43","guid":{"rendered":"https:\/\/raudhatulmuhibbin.ac.id\/?page_id=712"},"modified":"2023-06-11T09:16:28","modified_gmt":"2023-06-11T09:16:28","slug":"judul-tugas-akhir","status":"publish","type":"page","link":"https:\/\/raudhatulmuhibbin.ac.id\/web\/judul-tugas-akhir\/","title":{"rendered":"Judul Tugas Akhir"},"content":{"rendered":"<div class=\"wpb-content-wrapper\"><p>[vc_row][vc_column][vc_custom_heading text=&#8221;Judul Tugas Akhir&#8221;][\/vc_column][\/vc_row][vc_row][vc_column][vc_column_text]<\/p>\n<table border=\"1\">\n<tbody>\n<tr>\n<td width=\"47\"><strong>No<\/strong><\/td>\n<td width=\"198\"><strong>Nama<\/strong><\/td>\n<td width=\"500\"><strong>Judul Skripsi<\/strong><\/td>\n<\/tr>\n<tr>\n<td width=\"47\"><strong>1<\/strong><\/td>\n<td width=\"198\">Abdul Rochman<\/td>\n<td width=\"411\"><strong><em>Nilai-Nilai Sufistik Yang Terkandung Di Dalam Ibadah Puasa Perspektif Im\u00e2m al-Ghaz\u00e2l\u00ee Di Dalam Kitab I<u>h<\/u>y\u00e2 Ul\u00fbm al-D\u00een<\/em><\/strong><\/td>\n<\/tr>\n<tr>\n<td width=\"47\"><strong>2<\/strong><\/td>\n<td width=\"198\">Ahmad Al-Hallaji<\/td>\n<td width=\"411\"><strong><em>Implementasi Kit\u00e2b K\u00eem\u00eey\u00e2 al-Sa\u2019\u00e2dah Im\u00e2m al-Ghaz\u00e2l\u00ee Sebagai Konsep Terapi Kesehatan Mental Akibat Pandemi Covid <\/em><\/strong><\/td>\n<\/tr>\n<tr>\n<td width=\"47\"><strong>3<\/strong><\/td>\n<td width=\"198\">Ahmad Fiqri Muhibuloh<\/td>\n<td width=\"411\"><strong><em>Relasi \u2018Uzlah dan Tafakur Ibn At\u00e2illah al-Sakandar\u00ee Perspektif Said Ramadan al-Buti dan Relevansinya dengan Tasawuf Kontemporer<\/em><\/strong><\/td>\n<\/tr>\n<tr>\n<td width=\"47\"><strong>4<\/strong><\/td>\n<td width=\"198\">Alif Bani Adam<\/td>\n<td width=\"411\"><strong><em>Studi Komparasi Al-Ghaz\u00e2l\u00ee Dalam Ihy\u00e2 Ul\u00fbm al-D\u00een dan Ibn At\u00e2illah al-Sakandar\u00ee dalam Syarah Ibn Aj\u00eebah Tentang Konsep Syukur Dalam Tasawuf<\/em><\/strong><\/td>\n<\/tr>\n<tr>\n<td width=\"47\"><strong>5<\/strong><\/td>\n<td width=\"198\">Dian Suandi<\/td>\n<td width=\"411\"><strong><em>Kolerasi Nahwu<\/em><\/strong><strong><em>\u00a0<\/em><\/strong><strong><em>Al-Qulub dan<\/em><\/strong><strong><em>\u00a0<\/em><\/strong><strong><em>Munyatul<\/em><\/strong><strong><em>\u00a0<\/em><\/strong><strong><em>-Faqir Syarh Ibn Ajibah<\/em><\/strong><\/td>\n<\/tr>\n<tr>\n<td width=\"47\"><strong>6<\/strong><\/td>\n<td width=\"198\">Eggy Fachrezha Mustofa<\/td>\n<td width=\"411\">\n<p><strong>\u0646\u0647\u0627\u064a\u0629 \u0633\u064a\u0631 \u0627\u0644\u0639\u0644\u0645\u0627\u0621 \u0644\u062e\u062f\u0645\u0629 \u0627\u0644\u0633\u0644\u0648\u0643 \u0627\u0644\u0635\u0648\u0641\u064a\u0629<\/strong><\/p>\n<p><strong>\u062f\u0631\u0627\u0633\u0629 \u062a\u062d\u0644\u064a\u0644\u064a\u0629 \u0627\u0644\u0625\u0645\u0627\u0645 \u0627\u0644\u063a\u0632\u0627\u0644\u064a \u0648\u0627\u0644\u0625\u0645\u0627\u0645 \u0627\u0628\u0646 \u0639\u0637\u0627\u0621 \u0627\u0644\u0644\u0647 \u0627\u0644\u0633\u0643\u0646\u062f\u0631\u064a<\/strong><\/td>\n<\/tr>\n<tr>\n<td width=\"47\"><strong>7<\/strong><\/td>\n<td width=\"198\">M. Fatih Qosdana<\/td>\n<td width=\"411\"><strong><em>Ulama Masa Kini Dalam Pandangan Kitab Al-Kasyf wa At-Tabyin fi ghurur al-Khalq Ajmain Karya Al-Ghazali<\/em><\/strong><\/td>\n<\/tr>\n<tr>\n<td width=\"47\"><strong>8<\/strong><\/td>\n<td width=\"198\">Moch. Faiz Ridlo Maulana<\/td>\n<td width=\"411\"><strong>\u0627\u0644\u0625\u0633\u062a\u0638\u0644\u0627\u0644 \u0641\u064a \u064a\u0648\u0645 \u0627\u0644\u062d\u0634\u0631 \u0628\u0645\u0646\u0638\u0648\u0645\u0629 \u0627\u0644\u0642\u0648\u0627\u0639\u062f \u0627\u0644\u0639\u0634\u0631<\/strong><\/td>\n<\/tr>\n<tr>\n<td width=\"47\"><strong>9<\/strong><\/td>\n<td width=\"198\">Muhammad Hilmi<\/td>\n<td width=\"411\"><strong><em>Pengaruh Muhasabah Terhadap Peningkatan Rasa Percaya Diri Menurut Al-<u>H<\/u>\u00e2rits al-Mu<u>h<\/u>\u00e2sib\u00ee<\/em><\/strong><\/td>\n<\/tr>\n<tr>\n<td width=\"47\"><strong>10<\/strong><\/td>\n<td width=\"198\">Muhammad Firdaus<\/td>\n<td width=\"411\"><strong><em>Nilai-Nilai Wara\u2019 dalam Meningkatkan Karakter Sufistik Mahasantri Di Pondok Pesantren Ma\u2019had Aly Raudhatul Muhibbin Bogor<\/em><\/strong><\/td>\n<\/tr>\n<tr>\n<td width=\"47\"><strong>11<\/strong><\/td>\n<td width=\"198\">Muhammad Rifki Husaini<\/td>\n<td width=\"411\">\n<p><strong><em>Relevansi Ayat-Ayat Al-Qur\u2019an Tentang Ilmu Dengan Pandangan Al-Ghaz\u00e2l\u00ee Dalam Kitab Ris\u00e2lah al-Lad\u00fbniyah<\/em><\/strong><\/p>\n<p><strong>\u00a0<\/strong><\/td>\n<\/tr>\n<tr>\n<td width=\"47\"><strong>12<\/strong><\/td>\n<td width=\"198\">Muhammad Siddiq<\/td>\n<td width=\"411\"><strong>\u0633\u0639\u0640\u0627\u062f\u0629 \u0627\u0644\u0635\u0640\u062f\u064a\u0642\u0640\u064a\u0646 \u0644\u0644\u0647 \u0631\u0628 \u0627\u0644\u0639\u0627\u0644\u0645\u064a\u0646 \u0628\u0645\u0646\u0638\u0648\u0645\u0629 \u0643\u064a\u0645\u064a\u0627\u0621 \u0627\u0644\u0633\u0639\u0640\u0627\u062f\u0629 \u0644\u0645\u0624\u0633\u0633 \u0627\u0644\u0637\u0631\u064a\u0642\u0629 \u0627\u0644\u063a\u0632\u0627\u0644\u064a\u0629<\/strong><\/td>\n<\/tr>\n<tr>\n<td width=\"47\"><strong>13<\/strong><\/td>\n<td width=\"198\">Munirul Ikhwan<\/td>\n<td width=\"411\"><strong><em>Konsep Jihad an-Nafs Menurut Imam Al-Ghazali Dalam Pendidikan Karakter Sufistik<\/em><\/strong><\/td>\n<\/tr>\n<tr>\n<td width=\"47\"><strong>14<\/strong><\/td>\n<td width=\"198\">Naim Ghozali<\/td>\n<td width=\"411\"><strong><em>Hakikat Ulama Waratsatul Anbiy\u00e2\u2019 menurut Imam al-Ghaz\u00e2l\u00ee dalam kitab Ihya Ulumudd\u00een<\/em><\/strong><\/td>\n<\/tr>\n<tr>\n<td width=\"47\"><strong>15<\/strong><\/td>\n<td width=\"198\">Nur Husen Tawakal<\/td>\n<td width=\"411\"><strong>\u00a0<em>Pandangan Ulama S\u00fb\u2019 Im\u00e2m al-Ghaz\u00e2l\u00ee dan Pengaruh Buruknya pada Dakwah Islam<\/em><\/strong><\/td>\n<\/tr>\n<tr>\n<td width=\"47\"><strong>16<\/strong><\/td>\n<td width=\"198\">Nur Kholis<\/td>\n<td width=\"411\"><strong><em>Tinjauan Sufistik Rida Dalam Membangun Optimisme <\/em><\/strong><\/td>\n<\/tr>\n<tr>\n<td width=\"47\"><strong>17<\/strong><\/td>\n<td width=\"198\">Nurul Badri Tamam<\/td>\n<td width=\"411\"><strong><em>Nilai-Nilai Mahabbah Sebagai Dasar Pendidikan Islam<\/em><\/strong><\/td>\n<\/tr>\n<tr>\n<td width=\"47\"><strong>18<\/strong><\/td>\n<td width=\"198\">Shokhibul Liwa\u2019Adnan<\/td>\n<td width=\"411\"><strong><em>Metode Pendidikan Sabar dan Syukur Menurut Imam al-Ghaz\u00e2l\u00ee<\/em><\/strong><\/td>\n<\/tr>\n<tr>\n<td width=\"47\"><strong>19<\/strong><\/td>\n<td width=\"198\">Sonhaji<\/td>\n<td width=\"411\"><strong><em>Relevansi Ayat-Ayat Al-Qu\u2019ran Dengan Tugas Ulama Dalam Ihy\u00e2 Ulum Al-D\u00een Karya Al-Ghaz\u00e2l\u00ee<\/em><\/strong><\/td>\n<\/tr>\n<tr>\n<td width=\"47\"><strong>20<\/strong><\/td>\n<td width=\"198\">Supyan<\/td>\n<td width=\"411\">\n<p><strong><em>Studi Pemikiran Abdul Q\u00e2dir al-Jail\u00e2n\u00ee dan Ibn A<u>t<\/u>\u00e2illah al-Sakandar\u00ee Tentang Konsep Taubat<\/em><\/strong><\/p>\n<p><strong><em>\u00a0<\/em><\/strong><\/td>\n<\/tr>\n<tr>\n<td width=\"47\"><strong>21<\/strong><\/td>\n<td width=\"198\">TB Ahmad Buhori<\/td>\n<td width=\"411\">\n<p><strong><em>Konsep Tazkiyah al-Nafs Dalam Bermedia Sosial <\/em><\/strong><\/p>\n<p><strong><em>\u00a0<\/em><\/strong><\/td>\n<\/tr>\n<\/tbody>\n<\/table>\n<p>[\/vc_column_text][\/vc_column][\/vc_row]<\/p>\n<\/div>","protected":false},"excerpt":{"rendered":"<p>[vc_row][vc_column][vc_custom_heading text=&#8221;Judul Tugas Akhir&#8221;][\/vc_column][\/vc_row][vc_row][vc_column][vc_column_text] No Nama Judul Skripsi 1 Abdul Rochman Nilai-Nilai Sufistik Yang Terkandung Di Dalam Ibadah Puasa Perspektif Im\u00e2m al-Ghaz\u00e2l\u00ee Di Dalam Kitab Ihy\u00e2 Ul\u00fbm al-D\u00een 2 Ahmad [&hellip;]<\/p>\n","protected":false},"author":1,"featured_media":0,"parent":0,"menu_order":0,"comment_status":"closed","ping_status":"closed","template":"page-templates\/template-fullwidth.php","meta":{"footnotes":""},"class_list":["post-712","page","type-page","status-publish","hentry"],"_links":{"self":[{"href":"https:\/\/raudhatulmuhibbin.ac.id\/web\/wp-json\/wp\/v2\/pages\/712","targetHints":{"allow":["GET"]}}],"collection":[{"href":"https:\/\/raudhatulmuhibbin.ac.id\/web\/wp-json\/wp\/v2\/pages"}],"about":[{"href":"https:\/\/raudhatulmuhibbin.ac.id\/web\/wp-json\/wp\/v2\/types\/page"}],"author":[{"embeddable":true,"href":"https:\/\/raudhatulmuhibbin.ac.id\/web\/wp-json\/wp\/v2\/users\/1"}],"replies":[{"embeddable":true,"href":"https:\/\/raudhatulmuhibbin.ac.id\/web\/wp-json\/wp\/v2\/comments?post=712"}],"version-history":[{"count":8,"href":"https:\/\/raudhatulmuhibbin.ac.id\/web\/wp-json\/wp\/v2\/pages\/712\/revisions"}],"predecessor-version":[{"id":749,"href":"https:\/\/raudhatulmuhibbin.ac.id\/web\/wp-json\/wp\/v2\/pages\/712\/revisions\/749"}],"wp:attachment":[{"href":"https:\/\/raudhatulmuhibbin.ac.id\/web\/wp-json\/wp\/v2\/media?parent=712"}],"curies":[{"name":"wp","href":"https:\/\/api.w.org\/{rel}","templated":true}]}}